{"id":271,"date":"2020-11-04T15:54:25","date_gmt":"2020-11-04T15:54:25","guid":{"rendered":"https:\/\/venetacurvi.promoservicebeta.com\/?page_id=271"},"modified":"2021-07-06T15:08:51","modified_gmt":"2021-07-06T15:08:51","slug":"chi-siamo","status":"publish","type":"page","link":"https:\/\/www.venetacurvi.it\/it\/chi-siamo\/","title":{"rendered":"Chi siamo"},"content":{"rendered":"<div  class=\"grids-section grids-is-advanced alignfull\" style=\"--_gs-gap-desktop:0px 0px;--_gs-m-desktop:0 0 40px 0;--_gs-p-desktop:0 0 0 0;--_gs-bg-desktop:transparent none;--_gs-bg-xp-desktop:0px;--_gs-zi-desktop:auto;--_gs-d-desktop:block;--_gs-mw-desktop:calc(100% - 0 - 0);--_gs-gap-tablet:0px 0px;--_gs-m-tablet:0 0 30px 0;--_gs-p-tablet:0 0 0 0;--_gs-bg-tablet:transparent none;--_gs-bg-xp-tablet:0px;--_gs-zi-tablet:auto;--_gs-d-tablet:block;--_gs-mw-tablet:calc(100% - 0 - 0);--_gs-gap-mobile:0px 0px;--_gs-m-mobile:0 0 30px 0;--_gs-p-mobile:0 0 0 0;--_gs-bg-mobile:transparent none;--_gs-bg-xp-mobile:0px;--_gs-zi-mobile:auto;--_gs-d-mobile:block;--_gs-mw-mobile:calc(100% - 0 - 0);--_gs-columns:12;--_gs-rows:6\"><div class=\"grids-s-w_i\">\n<div class=\"grids-area\" style=\"--_ga-column:2\/7;--_ga-row:1\/2;--_ga-m-desktop:0 0 0 0;--_ga-p-desktop:0 0 0 0;--_ga-bg-desktop:transparent none;--_ga-zi-desktop:auto;--_ga-d-desktop:flex;--_ga-mw-desktop:calc(100% - 0 - 0);--_ga-m-tablet:0 0 0 0;--_ga-p-tablet:0 0 0 0;--_ga-bg-tablet:transparent none;--_ga-zi-tablet:auto;--_ga-d-tablet:flex;--_ga-mw-tablet:calc(100% - 0 - 0);--_ga-m-mobile:0 0 0 0;--_ga-p-mobile:0 0 0 0;--_ga-bg-mobile:transparent none;--_ga-zi-mobile:auto;--_ga-d-mobile:flex;--_ga-mw-mobile:calc(100% - 0 - 0)\">\n\n<h2 class=\"wp-block-heading\">Veneta Curvi<\/h2>\n\n\n\n<p>La nostra \u00e8 un\u2019Azienda specializzata nella produzione di elementi curvi in legno multistrato.<\/p>\n\n\n\n<p>\u00c8 stata fondata nel 1972 da Mario Bucciol, un giovane ambizioso e ottimista che ha fatto del legno curvo la sua passione. La stessa passione, da generazione in generazione \u00e8 stata tramandata al nipote Andrea che \u00e8 oggi alla guida dell\u2019azienda.<\/p>\n\n\n\n<p>L\u2019esperienza maturata in oltre 40 anni di attivit\u00e0, ci ha permesso di sviluppare abilit\u00e0 e competenze tecniche tali da produrre elementi curvi anche complessi e diventare partner affidabili delle pi\u00f9 importanti Aziende produttrici del settore, sia italiane che estere.<\/p>\n\n\n\n<p>Crediamo nelle persone, nel nostro team di lavoro, un\u2019imprescindibile risorsa per offrire un servizio ed un prodotto capace di rispondere agli standard richiesti. Coinvolgiamo i nostri collaboratori, condividiamo obbiettivi e arricchiamo e sviluppiamo il know how aziendale per metterlo al servizio del Cliente.<\/p>\n\n<\/div>\n\n<div class=\"grids-area\" style=\"--_ga-column:7\/12;--_ga-row:1\/2;--_ga-va:center;--_ga-m-desktop:0 0 0 40px;--_ga-p-desktop:0 0 0 0;--_ga-bg-desktop:transparent none;--_ga-zi-desktop:auto;--_ga-d-desktop:flex;--_ga-mw-desktop:calc(100% - 40px - 0);--_ga-m-tablet:0 0 0 40px;--_ga-p-tablet:0 0 0 0;--_ga-bg-tablet:transparent none;--_ga-zi-tablet:auto;--_ga-d-tablet:flex;--_ga-mw-tablet:calc(100% - 40px - 0);--_ga-m-mobile:0px 0px 0px 0px;--_ga-p-mobile:0 0 0 0;--_ga-bg-mobile:transparent none;--_ga-zi-mobile:auto;--_ga-d-mobile:flex;--_ga-mw-mobile:calc(100% - 0px - 0px)\">\n\n<figure class=\"wp-block-gallery columns-2 is-cropped wp-block-gallery-2\"><ul class=\"blocks-gallery-grid\"><li class=\"blocks-gallery-item\"><figure><img loading=\"lazy\" decoding=\"async\" width=\"1024\" height=\"768\" src=\"https:\/\/venetacurvi.it\/wp-content\/uploads\/2020\/11\/Veneta_Curvi_esterno_old-1024x768.jpg\" alt=\"\" data-id=\"284\" data-full-url=\"https:\/\/venetacurvi.it\/wp-content\/uploads\/2020\/11\/Veneta_Curvi_esterno_old.jpg\" data-link=\"https:\/\/venetacurvi.it\/chi-siamo\/veneta_curvi_esterno_old\/\" class=\"wp-image-284\" srcset=\"https:\/\/www.venetacurvi.it\/wp-content\/uploads\/2020\/11\/Veneta_Curvi_esterno_old-1024x768.jpg 1024w, https:\/\/www.venetacurvi.it\/wp-content\/uploads\/2020\/11\/Veneta_Curvi_esterno_old-300x225.jpg 300w, https:\/\/www.venetacurvi.it\/wp-content\/uploads\/2020\/11\/Veneta_Curvi_esterno_old-768x576.jpg 768w, https:\/\/www.venetacurvi.it\/wp-content\/uploads\/2020\/11\/Veneta_Curvi_esterno_old-1536x1152.jpg 1536w, https:\/\/www.venetacurvi.it\/wp-content\/uploads\/2020\/11\/Veneta_Curvi_esterno_old-1200x900.jpg 1200w, https:\/\/www.venetacurvi.it\/wp-content\/uploads\/2020\/11\/Veneta_Curvi_esterno_old-1980x1485.jpg 1980w, https:\/\/www.venetacurvi.it\/wp-content\/uploads\/2020\/11\/Veneta_Curvi_esterno_old.jpg 2000w\" sizes=\"auto, (max-width: 1024px) 100vw, 1024px\" \/><figcaption class=\"blocks-gallery-item__caption is-layout-flex wp-block-gallery-is-layout-flex\">Ieri<\/figcaption><\/figure><\/li><li class=\"blocks-gallery-item\"><figure><img loading=\"lazy\" decoding=\"async\" width=\"1024\" height=\"678\" src=\"https:\/\/venetacurvi.it\/wp-content\/uploads\/2020\/11\/Veneta_Curvi_esterno_new-1024x678.jpg\" alt=\"\" data-id=\"282\" data-full-url=\"https:\/\/venetacurvi.it\/wp-content\/uploads\/2020\/11\/Veneta_Curvi_esterno_new.jpg\" data-link=\"https:\/\/venetacurvi.it\/chi-siamo\/veneta_curvi_esterno_new\/\" class=\"wp-image-282\" srcset=\"https:\/\/www.venetacurvi.it\/wp-content\/uploads\/2020\/11\/Veneta_Curvi_esterno_new-1024x678.jpg 1024w, https:\/\/www.venetacurvi.it\/wp-content\/uploads\/2020\/11\/Veneta_Curvi_esterno_new-300x199.jpg 300w, https:\/\/www.venetacurvi.it\/wp-content\/uploads\/2020\/11\/Veneta_Curvi_esterno_new-768x509.jpg 768w, https:\/\/www.venetacurvi.it\/wp-content\/uploads\/2020\/11\/Veneta_Curvi_esterno_new-1536x1018.jpg 1536w, https:\/\/www.venetacurvi.it\/wp-content\/uploads\/2020\/11\/Veneta_Curvi_esterno_new-1200x795.jpg 1200w, https:\/\/www.venetacurvi.it\/wp-content\/uploads\/2020\/11\/Veneta_Curvi_esterno_new-1980x1312.jpg 1980w, https:\/\/www.venetacurvi.it\/wp-content\/uploads\/2020\/11\/Veneta_Curvi_esterno_new.jpg 2000w\" sizes=\"auto, (max-width: 1024px) 100vw, 1024px\" \/><figcaption class=\"blocks-gallery-item__caption\">Oggi<\/figcaption><\/figure><\/li><\/ul><\/figure>\n\n<\/div>\n<\/div><\/div>\n\n<div  class=\"grids-section grids-is-advanced alignwide\" style=\"--_gs-gap-desktop:0px 0px;--_gs-m-desktop:30px 0 30px 0;--_gs-p-desktop:0 0 0 0;--_gs-bg-desktop:#5b5b5d none;--_gs-bg-xp-desktop:calc( 50% - 50vw );--_gs-zi-desktop:auto;--_gs-d-desktop:block;--_gs-mw-desktop:calc(100% - 0 - 0);--_gs-gap-tablet:0px 0px;--_gs-m-tablet:30px 0 30px 0;--_gs-p-tablet:0 0 0 0;--_gs-bg-tablet:#5b5b5d none;--_gs-bg-xp-tablet:calc( 50% - 50vw );--_gs-zi-tablet:auto;--_gs-d-tablet:block;--_gs-mw-tablet:calc(100% - 0 - 0);--_gs-gap-mobile:0px 0px;--_gs-m-mobile:30px 0 30px 0;--_gs-p-mobile:0 0 0 0;--_gs-bg-mobile:#5b5b5d none;--_gs-bg-xp-mobile:calc( 50% - 50vw );--_gs-zi-mobile:auto;--_gs-d-mobile:block;--_gs-mw-mobile:calc(100% - 0 - 0);--_gs-columns:12;--_gs-rows:6\"><div class=\"grids-s-w_i\">\n<div class=\"grids-area\" style=\"--_ga-column:1\/5;--_ga-row:1\/2;--_ga-m-desktop:0 0 0 0;--_ga-p-desktop:30px 30px 30px 0px;--_ga-bg-desktop:transparent none;--_ga-zi-desktop:auto;--_ga-d-desktop:flex;--_ga-mw-desktop:calc(100% - 0 - 0);--_ga-m-tablet:0 0 0 0;--_ga-p-tablet:30px 30px 30px 30px;--_ga-bg-tablet:transparent none;--_ga-zi-tablet:auto;--_ga-d-tablet:flex;--_ga-mw-tablet:calc(100% - 0 - 0);--_ga-m-mobile:0 0 0 0;--_ga-p-mobile:0px 0px 0px 0px;--_ga-bg-mobile:transparent none;--_ga-zi-mobile:auto;--_ga-d-mobile:flex;--_ga-mw-mobile:calc(100% - 0 - 0)\">\n\n<h3 class=\"has-text-align-left has-background-color has-text-color wp-block-heading\">Il nostro obiettivo?<\/h3>\n\n\n\n<h5 class=\"has-text-align-left has-background-color has-text-color wp-block-heading\">La soddisfazione del Cliente<\/h5>\n\n<\/div>\n\n<div class=\"grids-area\" style=\"--_ga-column:5\/9;--_ga-row:1\/2;--_ga-m-desktop:0 0 0 0;--_ga-p-desktop:30px 15px 30px 15px;--_ga-bg-desktop:transparent none;--_ga-zi-desktop:auto;--_ga-d-desktop:flex;--_ga-mw-desktop:calc(100% - 0 - 0);--_ga-m-tablet:0 0 0 0;--_ga-p-tablet:30px 30px 30px 30px;--_ga-bg-tablet:transparent none;--_ga-zi-tablet:auto;--_ga-d-tablet:flex;--_ga-mw-tablet:calc(100% - 0 - 0);--_ga-m-mobile:0 0 0 0;--_ga-p-mobile:0px 0px 0px 0px;--_ga-bg-mobile:transparent none;--_ga-zi-mobile:auto;--_ga-d-mobile:flex;--_ga-mw-mobile:calc(100% - 0 - 0)\">\n\n<h3 class=\"has-text-align-left has-background-color has-text-color wp-block-heading\">La nostra abilit\u00e0?<\/h3>\n\n\n\n<h5 class=\"has-text-align-left has-background-color has-text-color wp-block-heading\">Coniugare presente e futuro, i preziosi insegnamenti artigianali e le nuove tecnologie<\/h5>\n\n<\/div>\n\n<div class=\"grids-area\" style=\"--_ga-column:9\/13;--_ga-row:1\/2;--_ga-m-desktop:0 0 0 0;--_ga-p-desktop:30px 0 30px 30px;--_ga-bg-desktop:transparent none;--_ga-zi-desktop:auto;--_ga-d-desktop:flex;--_ga-mw-desktop:calc(100% - 0 - 0);--_ga-m-tablet:0 0 0 0;--_ga-p-tablet:30px 30px 30px 30px;--_ga-bg-tablet:transparent none;--_ga-zi-tablet:auto;--_ga-d-tablet:flex;--_ga-mw-tablet:calc(100% - 0 - 0);--_ga-m-mobile:0 0 0 0;--_ga-p-mobile:0px 0px 0px 0px;--_ga-bg-mobile:transparent none;--_ga-zi-mobile:auto;--_ga-d-mobile:flex;--_ga-mw-mobile:calc(100% - 0 - 0)\">\n\n<h3 class=\"has-text-align-left has-background-color has-text-color wp-block-heading\">La nostra peculiarit\u00e0?<\/h3>\n\n\n\n<h5 class=\"has-text-align-left has-background-color has-text-color wp-block-heading\">Un\u2019innata curiosit\u00e0 e desiderio di sperimentazione, chiave dell\u2019evoluzione<\/h5>\n\n<\/div>\n<\/div><\/div>\n\n<div  class=\"grids-section grids-is-advanced alignfull\" style=\"--_gs-gap-desktop:0px 0px;--_gs-m-desktop:40px 0 40px 0;--_gs-p-desktop:0 0 40px 0;--_gs-bg-desktop:transparent none;--_gs-bg-xp-desktop:0px;--_gs-zi-desktop:auto;--_gs-d-desktop:block;--_gs-mw-desktop:calc(100% - 0 - 0);--_gs-gap-tablet:0px 0px;--_gs-m-tablet:30px 0 30px 0;--_gs-p-tablet:0 0 40px 0;--_gs-bg-tablet:transparent none;--_gs-bg-xp-tablet:0px;--_gs-zi-tablet:auto;--_gs-d-tablet:block;--_gs-mw-tablet:calc(100% - 0 - 0);--_gs-gap-mobile:0px 0px;--_gs-m-mobile:30px 0 30px 0;--_gs-p-mobile:0 0 40px 0;--_gs-bg-mobile:transparent none;--_gs-bg-xp-mobile:0px;--_gs-zi-mobile:auto;--_gs-d-mobile:block;--_gs-mw-mobile:calc(100% - 0 - 0);--_gs-columns:12;--_gs-rows:6\"><div class=\"grids-s-w_i\">\n<div class=\"grids-area\" style=\"--_ga-column:2\/7;--_ga-row:1\/2;--_ga-va:center;--_ga-m-desktop:0 0 0 0;--_ga-p-desktop:0 0 0 0;--_ga-bg-desktop:transparent none;--_ga-zi-desktop:auto;--_ga-d-desktop:flex;--_ga-mw-desktop:calc(100% - 0 - 0);--_ga-m-tablet:0 0 0 0;--_ga-p-tablet:0 0 0 0;--_ga-bg-tablet:transparent none;--_ga-zi-tablet:auto;--_ga-d-tablet:flex;--_ga-mw-tablet:calc(100% - 0 - 0);--_ga-m-mobile:0 0 0 0;--_ga-p-mobile:0 0 0 0;--_ga-bg-mobile:transparent none;--_ga-zi-mobile:auto;--_ga-d-mobile:flex;--_ga-mw-mobile:calc(100% - 0 - 0)\">\n\n<h3 class=\"wp-block-heading\">Curvare il legno per noi non \u00e8 solo un lavoro<\/h3>\n\n\n\n<div style=\"height:20px\" aria-hidden=\"true\" class=\"wp-block-spacer\"><\/div>\n\n\n\n<p><strong>\u00c8 PASSIONE<\/strong>, il motore del nostro processo produttivo<\/p>\n\n\n\n<p><strong>\u00c8 VITA<\/strong>, ci\u00f2 che da nuova forma alla materia<\/p>\n\n\n\n<p><strong>\u00c8 ARTE<\/strong>, perfetta sintesi tra creativit\u00e0 e abilit\u00e0 tecnica<\/p>\n\n\n\n<p><strong>\u00c8 STUDIO<\/strong>, sperimentazione e innovazione<\/p>\n\n\n\n<p><strong>\u00c8 ORGOGLIO<\/strong>, capacit\u00e0 di concretizzare un progetto<\/p>\n\n\n\n<div style=\"height:100px\" aria-hidden=\"true\" class=\"wp-block-spacer\"><\/div>\n\n\n\n<p style=\"font-size:15px\">La versione integrale della\u00a0<em>Politica della Qualit\u00e0<\/em>\u00a0\u00e8 disponibile su richiesta ad\u00a0<a href=\"mailto:info@venetacurvi.it\" target=\"_blank\" rel=\"noreferrer noopener\">info@venetacurvi.it<\/a>\u00a0<\/p>\n\n<\/div>\n\n<div class=\"grids-area\" style=\"--_ga-column:7\/12;--_ga-row:1\/2;--_ga-m-desktop:0 0 0 40px;--_ga-p-desktop:0 0 0 0;--_ga-bg-desktop:transparent none;--_ga-zi-desktop:auto;--_ga-d-desktop:flex;--_ga-mw-desktop:calc(100% - 40px - 0);--_ga-m-tablet:0 0 0 40px;--_ga-p-tablet:0 0 0 0;--_ga-bg-tablet:transparent none;--_ga-zi-tablet:auto;--_ga-d-tablet:flex;--_ga-mw-tablet:calc(100% - 40px - 0);--_ga-m-mobile:0 0 0 0px;--_ga-p-mobile:0 0 0 0;--_ga-bg-mobile:transparent none;--_ga-zi-mobile:auto;--_ga-d-mobile:flex;--_ga-mw-mobile:calc(100% - 0px - 0)\">\n\n<figure class=\"wp-block-image size-large\"><img loading=\"lazy\" decoding=\"async\" width=\"1024\" height=\"683\" src=\"https:\/\/venetacurvi.it\/wp-content\/uploads\/2021\/04\/DSCF7523-1024x683.jpg\" alt=\"\" class=\"wp-image-1308\" srcset=\"https:\/\/www.venetacurvi.it\/wp-content\/uploads\/2021\/04\/DSCF7523-1024x683.jpg 1024w, https:\/\/www.venetacurvi.it\/wp-content\/uploads\/2021\/04\/DSCF7523-300x200.jpg 300w, https:\/\/www.venetacurvi.it\/wp-content\/uploads\/2021\/04\/DSCF7523-768x512.jpg 768w, https:\/\/www.venetacurvi.it\/wp-content\/uploads\/2021\/04\/DSCF7523-1536x1024.jpg 1536w, https:\/\/www.venetacurvi.it\/wp-content\/uploads\/2021\/04\/DSCF7523-2048x1365.jpg 2048w, https:\/\/www.venetacurvi.it\/wp-content\/uploads\/2021\/04\/DSCF7523-1200x800.jpg 1200w, https:\/\/www.venetacurvi.it\/wp-content\/uploads\/2021\/04\/DSCF7523-1980x1320.jpg 1980w\" sizes=\"auto, (max-width: 1024px) 100vw, 1024px\" \/><\/figure>\n\n<\/div>\n<\/div><\/div>","protected":false},"excerpt":{"rendered":"","protected":false},"author":1,"featured_media":552,"parent":0,"menu_order":0,"comment_status":"closed","ping_status":"closed","template":"","meta":{"_acf_changed":false,"_uag_custom_page_level_css":"","advgb_blocks_editor_width":"","advgb_blocks_columns_visual_guide":"","footnotes":""},"class_list":["post-271","page","type-page","status-publish","has-post-thumbnail","hentry"],"acf":[],"yoast_head":"<!-- This site is optimized with the Yoast SEO plugin v26.0 - https:\/\/yoast.com\/wordpress\/plugins\/seo\/ -->\n<title>Chi siamo - Veneta Curvi - The Italian Curved Excellence<\/title>\n<meta name=\"description\" content=\"Veneta Curvi \u00e8 azienda a conduzione familiare, specializzata nella produzione di elementi curvi in legno che opera nel settore dell\u2019arredamento e del design.\" \/>\n<meta name=\"robots\" content=\"index, follow, max-snippet:-1, max-image-preview:large, max-video-preview:-1\" \/>\n<link rel=\"canonical\" href=\"https:\/\/www.venetacurvi.it\/it\/chi-siamo\/\" \/>\n<meta property=\"og:locale\" content=\"it_IT\" \/>\n<meta property=\"og:type\" content=\"article\" \/>\n<meta property=\"og:title\" content=\"Chi siamo - Veneta Curvi - The Italian Curved Excellence\" \/>\n<meta property=\"og:description\" content=\"Veneta Curvi \u00e8 azienda a conduzione familiare, specializzata nella produzione di elementi curvi in legno che opera nel settore dell\u2019arredamento e del design.\" \/>\n<meta property=\"og:url\" content=\"https:\/\/www.venetacurvi.it\/it\/chi-siamo\/\" \/>\n<meta property=\"og:site_name\" content=\"Veneta Curvi\" \/>\n<meta property=\"article:modified_time\" content=\"2021-07-06T15:08:51+00:00\" \/>\n<meta property=\"og:image\" content=\"https:\/\/www.venetacurvi.it\/wp-content\/uploads\/2020\/11\/Veneta_Curvi_chi_siamo_banner.jpg\" \/>\n\t<meta property=\"og:image:width\" content=\"2000\" \/>\n\t<meta property=\"og:image:height\" content=\"1333\" \/>\n\t<meta property=\"og:image:type\" content=\"image\/jpeg\" \/>\n<meta name=\"twitter:card\" content=\"summary_large_image\" \/>\n<meta name=\"twitter:label1\" content=\"Tempo di lettura stimato\" \/>\n\t<meta name=\"twitter:data1\" content=\"2 minuti\" \/>\n<script type=\"application\/ld+json\" class=\"yoast-schema-graph\">{\"@context\":\"https:\/\/schema.org\",\"@graph\":[{\"@type\":\"WebPage\",\"@id\":\"https:\/\/www.venetacurvi.it\/it\/chi-siamo\/\",\"url\":\"https:\/\/www.venetacurvi.it\/it\/chi-siamo\/\",\"name\":\"Chi siamo - Veneta Curvi - The Italian Curved Excellence\",\"isPartOf\":{\"@id\":\"https:\/\/www.venetacurvi.it\/it\/#website\"},\"primaryImageOfPage\":{\"@id\":\"https:\/\/www.venetacurvi.it\/it\/chi-siamo\/#primaryimage\"},\"image\":{\"@id\":\"https:\/\/www.venetacurvi.it\/it\/chi-siamo\/#primaryimage\"},\"thumbnailUrl\":\"https:\/\/www.venetacurvi.it\/wp-content\/uploads\/2020\/11\/Veneta_Curvi_chi_siamo_banner.jpg\",\"datePublished\":\"2020-11-04T15:54:25+00:00\",\"dateModified\":\"2021-07-06T15:08:51+00:00\",\"description\":\"Veneta Curvi \u00e8 azienda a conduzione familiare, specializzata nella produzione di elementi curvi in legno che opera nel settore dell\u2019arredamento e del design.\",\"breadcrumb\":{\"@id\":\"https:\/\/www.venetacurvi.it\/it\/chi-siamo\/#breadcrumb\"},\"inLanguage\":\"it-IT\",\"potentialAction\":[{\"@type\":\"ReadAction\",\"target\":[\"https:\/\/www.venetacurvi.it\/it\/chi-siamo\/\"]}]},{\"@type\":\"ImageObject\",\"inLanguage\":\"it-IT\",\"@id\":\"https:\/\/www.venetacurvi.it\/it\/chi-siamo\/#primaryimage\",\"url\":\"https:\/\/www.venetacurvi.it\/wp-content\/uploads\/2020\/11\/Veneta_Curvi_chi_siamo_banner.jpg\",\"contentUrl\":\"https:\/\/www.venetacurvi.it\/wp-content\/uploads\/2020\/11\/Veneta_Curvi_chi_siamo_banner.jpg\",\"width\":2000,\"height\":1333},{\"@type\":\"BreadcrumbList\",\"@id\":\"https:\/\/www.venetacurvi.it\/it\/chi-siamo\/#breadcrumb\",\"itemListElement\":[{\"@type\":\"ListItem\",\"position\":1,\"name\":\"Home\",\"item\":\"https:\/\/www.venetacurvi.it\/it\/\"},{\"@type\":\"ListItem\",\"position\":2,\"name\":\"Chi siamo\"}]},{\"@type\":\"WebSite\",\"@id\":\"https:\/\/www.venetacurvi.it\/it\/#website\",\"url\":\"https:\/\/www.venetacurvi.it\/it\/\",\"name\":\"Veneta Curvi\",\"description\":\"The Italian Curved Excellence\",\"publisher\":{\"@id\":\"https:\/\/www.venetacurvi.it\/it\/#organization\"},\"potentialAction\":[{\"@type\":\"SearchAction\",\"target\":{\"@type\":\"EntryPoint\",\"urlTemplate\":\"https:\/\/www.venetacurvi.it\/it\/?s={search_term_string}\"},\"query-input\":{\"@type\":\"PropertyValueSpecification\",\"valueRequired\":true,\"valueName\":\"search_term_string\"}}],\"inLanguage\":\"it-IT\"},{\"@type\":\"Organization\",\"@id\":\"https:\/\/www.venetacurvi.it\/it\/#organization\",\"name\":\"Veneta Curvi\",\"url\":\"https:\/\/www.venetacurvi.it\/it\/\",\"logo\":{\"@type\":\"ImageObject\",\"inLanguage\":\"it-IT\",\"@id\":\"https:\/\/www.venetacurvi.it\/it\/#\/schema\/logo\/image\/\",\"url\":\"https:\/\/www.venetacurvi.it\/wp-content\/uploads\/2020\/11\/logo_veneta_curvi.png\",\"contentUrl\":\"https:\/\/www.venetacurvi.it\/wp-content\/uploads\/2020\/11\/logo_veneta_curvi.png\",\"width\":536,\"height\":100,\"caption\":\"Veneta Curvi\"},\"image\":{\"@id\":\"https:\/\/www.venetacurvi.it\/it\/#\/schema\/logo\/image\/\"}}]}<\/script>\n<!-- \/ Yoast SEO plugin. -->","yoast_head_json":{"title":"Chi siamo - Veneta Curvi - The Italian Curved Excellence","description":"Veneta Curvi \u00e8 azienda a conduzione familiare, specializzata nella produzione di elementi curvi in legno che opera nel settore dell\u2019arredamento e del design.","robots":{"index":"index","follow":"follow","max-snippet":"max-snippet:-1","max-image-preview":"max-image-preview:large","max-video-preview":"max-video-preview:-1"},"canonical":"https:\/\/www.venetacurvi.it\/it\/chi-siamo\/","og_locale":"it_IT","og_type":"article","og_title":"Chi siamo - Veneta Curvi - The Italian Curved Excellence","og_description":"Veneta Curvi \u00e8 azienda a conduzione familiare, specializzata nella produzione di elementi curvi in legno che opera nel settore dell\u2019arredamento e del design.","og_url":"https:\/\/www.venetacurvi.it\/it\/chi-siamo\/","og_site_name":"Veneta Curvi","article_modified_time":"2021-07-06T15:08:51+00:00","og_image":[{"width":2000,"height":1333,"url":"https:\/\/www.venetacurvi.it\/wp-content\/uploads\/2020\/11\/Veneta_Curvi_chi_siamo_banner.jpg","type":"image\/jpeg"}],"twitter_card":"summary_large_image","twitter_misc":{"Tempo di lettura stimato":"2 minuti"},"schema":{"@context":"https:\/\/schema.org","@graph":[{"@type":"WebPage","@id":"https:\/\/www.venetacurvi.it\/it\/chi-siamo\/","url":"https:\/\/www.venetacurvi.it\/it\/chi-siamo\/","name":"Chi siamo - Veneta Curvi - The Italian Curved Excellence","isPartOf":{"@id":"https:\/\/www.venetacurvi.it\/it\/#website"},"primaryImageOfPage":{"@id":"https:\/\/www.venetacurvi.it\/it\/chi-siamo\/#primaryimage"},"image":{"@id":"https:\/\/www.venetacurvi.it\/it\/chi-siamo\/#primaryimage"},"thumbnailUrl":"https:\/\/www.venetacurvi.it\/wp-content\/uploads\/2020\/11\/Veneta_Curvi_chi_siamo_banner.jpg","datePublished":"2020-11-04T15:54:25+00:00","dateModified":"2021-07-06T15:08:51+00:00","description":"Veneta Curvi \u00e8 azienda a conduzione familiare, specializzata nella produzione di elementi curvi in legno che opera nel settore dell\u2019arredamento e del design.","breadcrumb":{"@id":"https:\/\/www.venetacurvi.it\/it\/chi-siamo\/#breadcrumb"},"inLanguage":"it-IT","potentialAction":[{"@type":"ReadAction","target":["https:\/\/www.venetacurvi.it\/it\/chi-siamo\/"]}]},{"@type":"ImageObject","inLanguage":"it-IT","@id":"https:\/\/www.venetacurvi.it\/it\/chi-siamo\/#primaryimage","url":"https:\/\/www.venetacurvi.it\/wp-content\/uploads\/2020\/11\/Veneta_Curvi_chi_siamo_banner.jpg","contentUrl":"https:\/\/www.venetacurvi.it\/wp-content\/uploads\/2020\/11\/Veneta_Curvi_chi_siamo_banner.jpg","width":2000,"height":1333},{"@type":"BreadcrumbList","@id":"https:\/\/www.venetacurvi.it\/it\/chi-siamo\/#breadcrumb","itemListElement":[{"@type":"ListItem","position":1,"name":"Home","item":"https:\/\/www.venetacurvi.it\/it\/"},{"@type":"ListItem","position":2,"name":"Chi siamo"}]},{"@type":"WebSite","@id":"https:\/\/www.venetacurvi.it\/it\/#website","url":"https:\/\/www.venetacurvi.it\/it\/","name":"Veneta Curvi","description":"The Italian Curved Excellence","publisher":{"@id":"https:\/\/www.venetacurvi.it\/it\/#organization"},"potentialAction":[{"@type":"SearchAction","target":{"@type":"EntryPoint","urlTemplate":"https:\/\/www.venetacurvi.it\/it\/?s={search_term_string}"},"query-input":{"@type":"PropertyValueSpecification","valueRequired":true,"valueName":"search_term_string"}}],"inLanguage":"it-IT"},{"@type":"Organization","@id":"https:\/\/www.venetacurvi.it\/it\/#organization","name":"Veneta Curvi","url":"https:\/\/www.venetacurvi.it\/it\/","logo":{"@type":"ImageObject","inLanguage":"it-IT","@id":"https:\/\/www.venetacurvi.it\/it\/#\/schema\/logo\/image\/","url":"https:\/\/www.venetacurvi.it\/wp-content\/uploads\/2020\/11\/logo_veneta_curvi.png","contentUrl":"https:\/\/www.venetacurvi.it\/wp-content\/uploads\/2020\/11\/logo_veneta_curvi.png","width":536,"height":100,"caption":"Veneta Curvi"},"image":{"@id":"https:\/\/www.venetacurvi.it\/it\/#\/schema\/logo\/image\/"}}]}},"uagb_featured_image_src":{"full":["https:\/\/www.venetacurvi.it\/wp-content\/uploads\/2020\/11\/Veneta_Curvi_chi_siamo_banner.jpg",2000,1333,false],"thumbnail":["https:\/\/www.venetacurvi.it\/wp-content\/uploads\/2020\/11\/Veneta_Curvi_chi_siamo_banner-150x150.jpg",150,150,true],"medium":["https:\/\/www.venetacurvi.it\/wp-content\/uploads\/2020\/11\/Veneta_Curvi_chi_siamo_banner-300x200.jpg",300,200,true],"medium_large":["https:\/\/www.venetacurvi.it\/wp-content\/uploads\/2020\/11\/Veneta_Curvi_chi_siamo_banner-768x512.jpg",580,387,true],"large":["https:\/\/www.venetacurvi.it\/wp-content\/uploads\/2020\/11\/Veneta_Curvi_chi_siamo_banner-1024x682.jpg",580,386,true],"1536x1536":["https:\/\/www.venetacurvi.it\/wp-content\/uploads\/2020\/11\/Veneta_Curvi_chi_siamo_banner-1536x1024.jpg",1536,1024,true],"2048x2048":["https:\/\/www.venetacurvi.it\/wp-content\/uploads\/2020\/11\/Veneta_Curvi_chi_siamo_banner.jpg",2000,1333,false],"post-thumbnail":["https:\/\/www.venetacurvi.it\/wp-content\/uploads\/2020\/11\/Veneta_Curvi_chi_siamo_banner-1200x800.jpg",1200,800,true],"twentytwenty-fullscreen":["https:\/\/www.venetacurvi.it\/wp-content\/uploads\/2020\/11\/Veneta_Curvi_chi_siamo_banner-1980x1320.jpg",1980,1320,true]},"uagb_author_info":{"display_name":"admin","author_link":"https:\/\/www.venetacurvi.it\/it\/author\/marco_vewrsag1\/"},"uagb_comment_info":0,"uagb_excerpt":null,"coauthors":[],"author_meta":{"author_link":"https:\/\/www.venetacurvi.it\/it\/author\/marco_vewrsag1\/","display_name":"admin"},"relative_dates":{"created":"Pubblicato 6 anni fa","modified":"Aggiornato 5 anni fa"},"absolute_dates":{"created":"Pubblicato il Novembre 4, 2020","modified":"Aggiornato il Luglio 6, 2021"},"absolute_dates_time":{"created":"Pubblicato il Novembre 4, 2020 3:54 pm","modified":"Aggiornato il Luglio 6, 2021 3:08 pm"},"featured_img_caption":"","featured_img":"https:\/\/www.venetacurvi.it\/wp-content\/uploads\/2020\/11\/Veneta_Curvi_chi_siamo_banner-1200x800.jpg","series_order":"","_links":{"self":[{"href":"https:\/\/www.venetacurvi.it\/it\/wp-json\/wp\/v2\/pages\/271","targetHints":{"allow":["GET"]}}],"collection":[{"href":"https:\/\/www.venetacurvi.it\/it\/wp-json\/wp\/v2\/pages"}],"about":[{"href":"https:\/\/www.venetacurvi.it\/it\/wp-json\/wp\/v2\/types\/page"}],"author":[{"embeddable":true,"href":"https:\/\/www.venetacurvi.it\/it\/wp-json\/wp\/v2\/users\/1"}],"replies":[{"embeddable":true,"href":"https:\/\/www.venetacurvi.it\/it\/wp-json\/wp\/v2\/comments?post=271"}],"version-history":[{"count":0,"href":"https:\/\/www.venetacurvi.it\/it\/wp-json\/wp\/v2\/pages\/271\/revisions"}],"wp:featuredmedia":[{"embeddable":true,"href":"https:\/\/www.venetacurvi.it\/it\/wp-json\/wp\/v2\/media\/552"}],"wp:attachment":[{"href":"https:\/\/www.venetacurvi.it\/it\/wp-json\/wp\/v2\/media?parent=271"}],"curies":[{"name":"wp","href":"https:\/\/api.w.org\/{rel}","templated":true}]}}